{"id":1580,"date":"2021-06-21T12:31:36","date_gmt":"2021-06-21T12:31:36","guid":{"rendered":"https:\/\/www.scpmedical.es\/aviso-legal\/"},"modified":"2023-11-29T14:51:55","modified_gmt":"2023-11-29T14:51:55","slug":"aviso-legal","status":"publish","type":"page","link":"https:\/\/www.scpmedical.es\/fr\/aviso-legal\/","title":{"rendered":"Aviso Legal"},"content":{"rendered":"\n<p> IDENTIFICA\u00c7\u00c3O DO TITULAR<br>SCP MEDICAL S.L., com sede social em C\/ESPRONCEDA 137 &#8211; 139, 2\u00ba, 1\u00aa. 08005-BARCELONA e com CIF B-66573825.<\/p>\n\n\n\n<p>TERMOS DE USO<br>Atrav\u00e9s do website, \u00e9 facilitado o acesso ao Portal para oferecer aos Usu\u00e1rios acesso geral a informa\u00e7\u00f5es, atividades, produtos e servi\u00e7os oferecidos por essa entidade. O ato de se conectar a esta p\u00e1gina da web atribui ao navegador a condi\u00e7\u00e3o de Usu\u00e1rio do Site, implicando a aceita\u00e7\u00e3o do presente Aviso Legal. Portanto, SCP MEDICAL S.L. recomenda que o Usu\u00e1rio o leia sempre que acessar o Site.<br>O Usu\u00e1rio concorda em n\u00e3o utilizar nenhum dos conte\u00fados disponibilizados pela SCP MEDICAL S.L. para desenvolver atividades contr\u00e1rias \u00e0s leis, \u00e0 moral ou \u00e0 ordem p\u00fablica e, em geral, fazer uso conforme as presentes condi\u00e7\u00f5es; e responder\u00e1 \u00e0 SCP MEDICAL S.L. e\/ou a terceiros por quaisquer danos que possam ocorrer como consequ\u00eancia do descumprimento dessa obriga\u00e7\u00e3o. Quem utiliza este site o faz por sua pr\u00f3pria responsabilidade. SCP MEDICAL S.L. reserva-se o direito de interromper o acesso ao seu Site, aos servi\u00e7os e conte\u00fados do Portal, de forma tempor\u00e1ria ou definitiva, quando considerar apropriado e sem aviso pr\u00e9vio, seja por motivos t\u00e9cnicos, de seguran\u00e7a, controle, manuten\u00e7\u00e3o, falhas no fornecimento de eletricidade ou por qualquer outra causa. SCP MEDICAL S.L. reserva-se o direito de alterar, a qualquer momento e sem aviso pr\u00e9vio, a configura\u00e7\u00e3o, apresenta\u00e7\u00e3o ou design do seu site, bem como alguns ou todos os conte\u00fados, e modificar as condi\u00e7\u00f5es de uso expostas neste Aviso Legal.<\/p>\n\n\n\n<p>POL\u00cdTICA DE PRIVACIDADE E PROTE\u00c7\u00c3O DE DADOS<br>Todos os dados pessoais fornecidos pelo Usu\u00e1rio atrav\u00e9s do envio de um e-mail ser\u00e3o tratados com estrita confidencialidade de acordo com a Lei Org\u00e2nica 15\/1999, de 13 de dezembro, de Prote\u00e7\u00e3o de Dados Pessoais. O Usu\u00e1rio fica informado de que esses dados ser\u00e3o incorporados a arquivos existentes na SCP MEDICAL S.L. e que possui o direito de acesso, retifica\u00e7\u00e3o, cancelamento e oposi\u00e7\u00e3o desses, podendo exercer tais direitos enviando por escrito uma solicita\u00e7\u00e3o para o endere\u00e7o da SCP MEDICAL S.L., indicando o arquivo ou arquivos a serem consultados. Ao enviar uma mensagem de e-mail, o remetente d\u00e1 seu consentimento para o tratamento automatizado dos dados inclu\u00eddos na mesma. Os dados fornecidos ser\u00e3o utilizados para fins comerciais, sendo os destinat\u00e1rios os servi\u00e7os administrativos, comerciais e t\u00e9cnicos da SCP MEDICAL S.L. Esta adotar\u00e1 as medidas necess\u00e1rias para evitar a altera\u00e7\u00e3o, tratamento, perda ou acesso n\u00e3o autorizado dos dados pessoais, levando em considera\u00e7\u00e3o o estado da tecnologia, a natureza dos dados armazenados e os riscos a que est\u00e3o expostos, visando ao cumprimento de sua obriga\u00e7\u00e3o de sigilo e dever de guarda dos mesmos.<br>Da mesma forma, SCP MEDICAL S.L. est\u00e1 autorizada a enviar ao Usu\u00e1rio informa\u00e7\u00f5es comerciais e t\u00e9cnicas sobre seus produtos. No caso de comunica\u00e7\u00f5es comerciais e t\u00e9cnicas enviadas por e-mail ou meio equivalente, o Usu\u00e1rio concede seu consentimento expresso para o envio de publicidade por esse meio.<\/p>\n\n\n\n<p>RESPONSABILIDADE<br>SCP MEDICAL S.L. n\u00e3o se responsabiliza pelo uso indevido que os Usu\u00e1rios da Internet possam fazer do conte\u00fado do site, sendo o Usu\u00e1rio o \u00fanico respons\u00e1vel por quaisquer infra\u00e7\u00f5es cometidas. Da mesma forma, rejeita a responsabilidade por qualquer informa\u00e7\u00e3o n\u00e3o contida nestas p\u00e1ginas da web e, portanto, n\u00e3o elaborada pela SCP MEDICAL S.L. ou publicada com seu nome. SCP MEDICAL S.L. n\u00e3o ser\u00e1 respons\u00e1vel por interrup\u00e7\u00f5es no servi\u00e7o, atrasos, erros, mau funcionamento do mesmo e, em geral, outros inconvenientes que tenham sua origem em causas fora do controle da SCP MEDICAL S.L., e\/ou devido a uma a\u00e7\u00e3o dolosa ou culposa do Usu\u00e1rio e\/ou causas de for\u00e7a maior. Sem preju\u00edzo do estabelecido no artigo 1105 do C\u00f3digo Civil, ser\u00e3o consideradas causas de for\u00e7a maior, al\u00e9m disso, e para os efeitos das presentes condi\u00e7\u00f5es gerais, todos os eventos ocorridos fora do controle da SCP MEDICAL S.L., como: falha de terceiros, operadores ou empresas de servi\u00e7os, atos governamentais, falta de acesso a redes de terceiros, atos ou omiss\u00f5es das autoridades p\u00fablicas, eventos produzidos como consequ\u00eancia de fen\u00f4menos naturais, blecautes, etc., e o ataque de hackers ou terceiros especializados \u00e0 seguran\u00e7a ou integridade do sistema inform\u00e1tico, desde que SCP MEDICAL S.L. tenha adot<\/p>\n","protected":false},"excerpt":{"rendered":"<p>IDENTIFICA\u00c7\u00c3O DO TITULARSCP MEDICAL S.L., com sede social em C\/ESPRONCEDA 137 &#8211; 139, 2\u00ba, 1\u00aa. 08005-BARCELONA e com CIF B-66573825. TERMOS DE USOAtrav\u00e9s do website, \u00e9 facilitado o acesso ao Portal para oferecer aos Usu\u00e1rios acesso geral a informa\u00e7\u00f5es, atividades, produtos e servi\u00e7os oferecidos por essa entidade. O ato de se conectar a esta p\u00e1gina [&hellip;]<\/p>\n","protected":false},"author":1,"featured_media":0,"parent":0,"menu_order":0,"comment_status":"closed","ping_status":"closed","template":"","meta":{"_jet_sm_ready_style":"","_jet_sm_style":"","_jet_sm_controls_values":"","_jet_sm_fonts_collection":"","_jet_sm_fonts_links":"","footnotes":""},"class_list":["post-1580","page","type-page","status-publish","hentry"],"yoast_head":"<!-- This site is optimized with the Yoast SEO plugin v24.9 - https:\/\/yoast.com\/wordpress\/plugins\/seo\/ -->\n<title>Aviso Legal - SCP MEDICAL<\/title>\n<meta name=\"robots\" content=\"index, follow, max-snippet:-1, max-image-preview:large, max-video-preview:-1\" \/>\n<link rel=\"canonical\" href=\"https:\/\/www.scpmedical.es\/aviso-legal\/\" \/>\n<meta property=\"og:locale\" content=\"fr_FR\" \/>\n<meta property=\"og:type\" content=\"article\" \/>\n<meta property=\"og:title\" content=\"Aviso Legal - SCP MEDICAL\" \/>\n<meta property=\"og:description\" content=\"IDENTIFICA\u00c7\u00c3O DO TITULARSCP MEDICAL S.L., com sede social em C\/ESPRONCEDA 137 &#8211; 139, 2\u00ba, 1\u00aa. 08005-BARCELONA e com CIF B-66573825. TERMOS DE USOAtrav\u00e9s do website, \u00e9 facilitado o acesso ao Portal para oferecer aos Usu\u00e1rios acesso geral a informa\u00e7\u00f5es, atividades, produtos e servi\u00e7os oferecidos por essa entidade. O ato de se conectar a esta p\u00e1gina [&hellip;]\" \/>\n<meta property=\"og:url\" content=\"https:\/\/www.scpmedical.es\/aviso-legal\/\" \/>\n<meta property=\"og:site_name\" content=\"SCP MEDICAL\" \/>\n<meta property=\"article:modified_time\" content=\"2023-11-29T14:51:55+00:00\" \/>\n<meta name=\"twitter:card\" content=\"summary_large_image\" \/>\n<meta name=\"twitter:label1\" content=\"Dur\u00e9e de lecture estim\u00e9e\" \/>\n\t<meta name=\"twitter:data1\" content=\"4 minutes\" \/>\n<script type=\"application\/ld+json\" class=\"yoast-schema-graph\">{\"@context\":\"https:\/\/schema.org\",\"@graph\":[{\"@type\":\"WebPage\",\"@id\":\"https:\/\/www.scpmedical.es\/aviso-legal\/\",\"url\":\"https:\/\/www.scpmedical.es\/aviso-legal\/\",\"name\":\"Aviso Legal - SCP MEDICAL\",\"isPartOf\":{\"@id\":\"https:\/\/www.scpmedical.es\/#website\"},\"datePublished\":\"2021-06-21T12:31:36+00:00\",\"dateModified\":\"2023-11-29T14:51:55+00:00\",\"breadcrumb\":{\"@id\":\"https:\/\/www.scpmedical.es\/aviso-legal\/#breadcrumb\"},\"inLanguage\":\"fr-FR\",\"potentialAction\":[{\"@type\":\"ReadAction\",\"target\":[\"https:\/\/www.scpmedical.es\/aviso-legal\/\"]}]},{\"@type\":\"BreadcrumbList\",\"@id\":\"https:\/\/www.scpmedical.es\/aviso-legal\/#breadcrumb\",\"itemListElement\":[{\"@type\":\"ListItem\",\"position\":1,\"name\":\"Portada\",\"item\":\"https:\/\/www.scpmedical.es\/\"},{\"@type\":\"ListItem\",\"position\":2,\"name\":\"Aviso Legal\"}]},{\"@type\":\"WebSite\",\"@id\":\"https:\/\/www.scpmedical.es\/#website\",\"url\":\"https:\/\/www.scpmedical.es\/\",\"name\":\"SCP MEDICAL\",\"description\":\"SCP MEDICAL\",\"potentialAction\":[{\"@type\":\"SearchAction\",\"target\":{\"@type\":\"EntryPoint\",\"urlTemplate\":\"https:\/\/www.scpmedical.es\/?s={search_term_string}\"},\"query-input\":{\"@type\":\"PropertyValueSpecification\",\"valueRequired\":true,\"valueName\":\"search_term_string\"}}],\"inLanguage\":\"fr-FR\"}]}<\/script>\n<!-- \/ Yoast SEO plugin. -->","yoast_head_json":{"title":"Aviso Legal - SCP MEDICAL","robots":{"index":"index","follow":"follow","max-snippet":"max-snippet:-1","max-image-preview":"max-image-preview:large","max-video-preview":"max-video-preview:-1"},"canonical":"https:\/\/www.scpmedical.es\/aviso-legal\/","og_locale":"fr_FR","og_type":"article","og_title":"Aviso Legal - SCP MEDICAL","og_description":"IDENTIFICA\u00c7\u00c3O DO TITULARSCP MEDICAL S.L., com sede social em C\/ESPRONCEDA 137 &#8211; 139, 2\u00ba, 1\u00aa. 08005-BARCELONA e com CIF B-66573825. TERMOS DE USOAtrav\u00e9s do website, \u00e9 facilitado o acesso ao Portal para oferecer aos Usu\u00e1rios acesso geral a informa\u00e7\u00f5es, atividades, produtos e servi\u00e7os oferecidos por essa entidade. O ato de se conectar a esta p\u00e1gina [&hellip;]","og_url":"https:\/\/www.scpmedical.es\/aviso-legal\/","og_site_name":"SCP MEDICAL","article_modified_time":"2023-11-29T14:51:55+00:00","twitter_card":"summary_large_image","twitter_misc":{"Dur\u00e9e de lecture estim\u00e9e":"4 minutes"},"schema":{"@context":"https:\/\/schema.org","@graph":[{"@type":"WebPage","@id":"https:\/\/www.scpmedical.es\/aviso-legal\/","url":"https:\/\/www.scpmedical.es\/aviso-legal\/","name":"Aviso Legal - SCP MEDICAL","isPartOf":{"@id":"https:\/\/www.scpmedical.es\/#website"},"datePublished":"2021-06-21T12:31:36+00:00","dateModified":"2023-11-29T14:51:55+00:00","breadcrumb":{"@id":"https:\/\/www.scpmedical.es\/aviso-legal\/#breadcrumb"},"inLanguage":"fr-FR","potentialAction":[{"@type":"ReadAction","target":["https:\/\/www.scpmedical.es\/aviso-legal\/"]}]},{"@type":"BreadcrumbList","@id":"https:\/\/www.scpmedical.es\/aviso-legal\/#breadcrumb","itemListElement":[{"@type":"ListItem","position":1,"name":"Portada","item":"https:\/\/www.scpmedical.es\/"},{"@type":"ListItem","position":2,"name":"Aviso Legal"}]},{"@type":"WebSite","@id":"https:\/\/www.scpmedical.es\/#website","url":"https:\/\/www.scpmedical.es\/","name":"SCP MEDICAL","description":"SCP MEDICAL","potentialAction":[{"@type":"SearchAction","target":{"@type":"EntryPoint","urlTemplate":"https:\/\/www.scpmedical.es\/?s={search_term_string}"},"query-input":{"@type":"PropertyValueSpecification","valueRequired":true,"valueName":"search_term_string"}}],"inLanguage":"fr-FR"}]}},"_links":{"self":[{"href":"https:\/\/www.scpmedical.es\/fr\/wp-json\/wp\/v2\/pages\/1580","targetHints":{"allow":["GET"]}}],"collection":[{"href":"https:\/\/www.scpmedical.es\/fr\/wp-json\/wp\/v2\/pages"}],"about":[{"href":"https:\/\/www.scpmedical.es\/fr\/wp-json\/wp\/v2\/types\/page"}],"author":[{"embeddable":true,"href":"https:\/\/www.scpmedical.es\/fr\/wp-json\/wp\/v2\/users\/1"}],"replies":[{"embeddable":true,"href":"https:\/\/www.scpmedical.es\/fr\/wp-json\/wp\/v2\/comments?post=1580"}],"version-history":[{"count":2,"href":"https:\/\/www.scpmedical.es\/fr\/wp-json\/wp\/v2\/pages\/1580\/revisions"}],"predecessor-version":[{"id":1587,"href":"https:\/\/www.scpmedical.es\/fr\/wp-json\/wp\/v2\/pages\/1580\/revisions\/1587"}],"wp:attachment":[{"href":"https:\/\/www.scpmedical.es\/fr\/wp-json\/wp\/v2\/media?parent=1580"}],"curies":[{"name":"wp","href":"https:\/\/api.w.org\/{rel}","templated":true}]}}