{"id":1578,"date":"2021-06-21T12:31:58","date_gmt":"2021-06-21T12:31:58","guid":{"rendered":"https:\/\/www.scpmedical.es\/politica-de-privacidad\/"},"modified":"2023-11-29T14:46:29","modified_gmt":"2023-11-29T14:46:29","slug":"politica-de-privacidad","status":"publish","type":"page","link":"https:\/\/www.scpmedical.es\/pt-pt\/politica-de-privacidad\/","title":{"rendered":"Pol\u00edtica de Privacidade"},"content":{"rendered":"\n<p> Art.1 Regras de confidencialidade<\/p>\n\n\n\n<p>O Regulamento Geral de Prote\u00e7\u00e3o de Dados de 27 de abril de 2016 (&#8220;RGPD&#8221;, conhecido como General Data Protection Regulation) est\u00e1 em vigor desde 25 de maio de 2018. Ele imp\u00f5e regras e condi\u00e7\u00f5es rigorosas \u00e0s empresas no \u00e2mbito do processamento de dados pessoais de seus clientes e prospectos, com o objetivo de proteger sua privacidade.<\/p>\n\n\n\n<p>Por essa raz\u00e3o, pretendemos fornecer informa\u00e7\u00f5es claras e precisas sobre o processamento de seus dados pessoais.<\/p>\n\n\n\n<p>Art.2 Respons\u00e1vel pelo tratamento<\/p>\n\n\n\n<p>O respons\u00e1vel pelo tratamento de seus dados pessoais \u00e9 a pessoa encarregada do site que voc\u00ea utilizou e para quem voc\u00ea comunicou os dados.<\/p>\n\n\n\n<p>Art.3 Base legal do tratamento de dados e sua utiliza\u00e7\u00e3o<\/p>\n\n\n\n<p>S\u00f3 podemos utilizar seus dados pessoais para fins leg\u00edtimos e necess\u00e1rios (Artigo 6 do RGPD): Isso significa, na pr\u00e1tica, que processamos seus dados pessoais, eletr\u00f4nicos ou n\u00e3o, para fins leg\u00edtimos no contexto da rela\u00e7\u00e3o contratual, comercial e de seguran\u00e7a. Esses prop\u00f3sitos incluem, entre outros:<\/p>\n\n\n\n<p>Comunica\u00e7\u00e3o de informa\u00e7\u00f5es, ofertas e prospectos;<\/p>\n\n\n\n<p>Comunica\u00e7\u00f5es relacionadas \u00e0 execu\u00e7\u00e3o de um contrato;<\/p>\n\n\n\n<p>Art.4 O que representa um dado pessoal<\/p>\n\n\n\n<p>Dados pessoais incluem todas as informa\u00e7\u00f5es sobre voc\u00ea e com base nas quais voc\u00ea pode ser identificado. Dados an\u00f4nimos, que n\u00e3o o identificam, n\u00e3o s\u00e3o considerados dados pessoais. Portanto, seus dados pessoais podem incluir:<\/p>\n\n\n\n<p>Dados relacionados \u00e0 sua identidade (sobrenome, nome, endere\u00e7o, NIF, etc.);<\/p>\n\n\n\n<p>Dados relacionados \u00e0 sua pessoa (n\u00famero de telefone, e-mail pessoal, etc.);<\/p>\n\n\n\n<p>Dados financeiros (n\u00famero da conta banc\u00e1ria, detalhes de fatura\u00e7\u00e3o, etc.);<\/p>\n\n\n\n<p>Dados relacionados \u00e0 execu\u00e7\u00e3o do contrato celebrado conosco (objeto do contrato, endere\u00e7o de fatura\u00e7\u00e3o, dados profissionais, etc.);<\/p>\n\n\n\n<p>Dados relacionados ao uso de equipamentos eletr\u00f4nicos, como computadores (senha, dados de login, identifica\u00e7\u00e3o eletr\u00f4nica, detalhes de fatura\u00e7\u00e3o, etc.);<\/p>\n\n\n\n<p>Dados sens\u00edveis:<br>O processamento de dados pessoais que revelem origem racial ou \u00e9tnica, opini\u00f5es pol\u00edticas, cren\u00e7as religiosas ou filos\u00f3ficas, bem como o processamento de dados gen\u00e9ticos, dados biom\u00e9tricos para identificar exclusivamente uma pessoa f\u00edsica, dados sobre a vida sexual ou orienta\u00e7\u00e3o sexual de uma pessoa f\u00edsica s\u00e3o proibidos. Comprometemo-nos a cumprir estritamente esta proibi\u00e7\u00e3o.<\/p>\n\n\n\n<p>Como usamos suas informa\u00e7\u00f5es?<br>Com quem compartilhamos suas informa\u00e7\u00f5es?<\/p>\n\n\n\n<p>Art.5 Fonte e origem dos dados de car\u00e1ter pessoal<\/p>\n\n\n\n<p>Normalmente, os dados que temos v\u00eam de voc\u00ea. Se voc\u00ea n\u00e3o pretende fornecer as informa\u00e7\u00f5es requeridas ou necess\u00e1rias, pode perder o benef\u00edcio de certas vantagens e\/ou podemos decidir terminar os servi\u00e7os que temos com voc\u00ea.<\/p>\n\n\n\n<p>Art.6 Acesso aos dados de car\u00e1ter pessoal<\/p>\n\n\n\n<p>Seus dados s\u00e3o principalmente para uso interno. Por raz\u00f5es leg\u00edtimas, seus dados pessoais podem ser divulgados ou mesmo processados por terceiros. No entanto, garantiremos que nossos subcontratantes cumpram as regras do RGPD. O processamento de dados por esses \u00faltimos \u00e9 regido por um quadro legal estrito.<\/p>\n\n\n\n<p>Art.7 Dura\u00e7\u00e3o da conserva\u00e7\u00e3o dos dados<\/p>\n\n\n\n<p>Empregamos os meios necess\u00e1rios para garantir que a reten\u00e7\u00e3o de dados pessoais para os fins descritos anteriormente n\u00e3o ultrapasse os prazos legais.<\/p>\n\n\n\n<p>Art.8 Quais s\u00e3o os seus direitos?<\/p>\n\n\n\n<p>Comprometemo-nos a tomar as medidas t\u00e9cnicas e organizativas apropriadas para garantir a seguran\u00e7a do processamento dos dados pessoais de cada um (Artigo 32 do RGPD).<\/p>\n\n\n\n<p>Concedemos a todos o direito de acessar seus pr\u00f3prios dados pessoais e o direito de obter ou fazer uma c\u00f3pia razo\u00e1vel dos mesmos.<\/p>\n\n\n\n<p>Reconhecemos a possibilidade de solicitar a retifica\u00e7\u00e3o de dados incorretos.<\/p>\n\n\n\n<p>Comprometemo-nos a conceder a exclus\u00e3o de seus dados pessoais, especialmente nos seguintes casos:<\/p>\n\n\n\n<p>O cliente tem o direito de apresentar uma reclama\u00e7\u00e3o \u00e0 Ag\u00eancia Espanhola de Prote\u00e7\u00e3o de Dados, a qualquer momento, se considerar que o processamento de seus dados pessoais constitui uma viola\u00e7\u00e3o do RGPD.<\/p>\n\n\n\n<p>Art.9 Nosso compromisso<\/p>\n\n\n\n<p>Nosso objetivo \u00e9 implementar processos de seguran\u00e7a para proteger os dados armazenados contra acesso n\u00e3o autorizado, uso indevido, manipula\u00e7\u00e3o, destrui\u00e7\u00e3o ilegal ou acidental e perda acidental.<\/p>\n\n\n\n<p>Art.10 Procedimento em caso de viola\u00e7\u00e3o<\/p>\n\n\n\n<p>\u00c9 sempre poss\u00edvel que os dados pessoais processados no contexto da rela\u00e7\u00e3o contratual caiam em m\u00e3os erradas como resultado de erro humano, erro inform\u00e1tico, etc.<br>Quando a viola\u00e7\u00e3o representa um alto risco para os direitos e liberdades das pessoas, informaremos imediatamente sobre os fatos e medidas consideradas. Garantiremos que a Ag\u00eancia Espanhola de Prote\u00e7\u00e3o de Dados seja notificada dentro de 72 horas ap\u00f3s a notifica\u00e7\u00e3o da viola\u00e7\u00e3o em quest\u00e3o, a menos que a viola\u00e7\u00e3o n\u00e3o represente um alto risco para os direitos e liberdades das pessoas (Artigos 32 a 34 do RGPD).<\/p>\n\n\n\n<p>Sua aceita\u00e7\u00e3o:<\/p>\n\n\n\n<p>Art. 11. Consentimento<\/p>\n\n\n\n<p>Voc\u00ea d\u00e1 seu consentimento expresso e inequ\u00edvoco para o processamento de dados pessoais conforme descrito nesta Pol\u00edtica de Privacidade. Voc\u00ea tem o direito de retirar seu consentimento a qualquer momento mediante solicita\u00e7\u00e3o por escrito. Reservamos o direito de modificar esta Pol\u00edtica de Privacidade.<\/p>\n","protected":false},"excerpt":{"rendered":"<p>Art.1 Regras de confidencialidade O Regulamento Geral de Prote\u00e7\u00e3o de Dados de 27 de abril de 2016 (&#8220;RGPD&#8221;, conhecido como General Data Protection Regulation) est\u00e1 em vigor desde 25 de maio de 2018. Ele imp\u00f5e regras e condi\u00e7\u00f5es rigorosas \u00e0s empresas no \u00e2mbito do processamento de dados pessoais de seus clientes e prospectos, com o [&hellip;]<\/p>\n","protected":false},"author":1,"featured_media":0,"parent":0,"menu_order":0,"comment_status":"closed","ping_status":"closed","template":"","meta":{"_jet_sm_ready_style":"","_jet_sm_style":"","_jet_sm_controls_values":"","_jet_sm_fonts_collection":"","_jet_sm_fonts_links":"","footnotes":""},"class_list":["post-1578","page","type-page","status-publish","hentry"],"yoast_head":"<!-- This site is optimized with the Yoast SEO plugin v24.9 - https:\/\/yoast.com\/wordpress\/plugins\/seo\/ -->\n<title>Pol\u00edtica de Privacidade - SCP MEDICAL<\/title>\n<meta name=\"robots\" content=\"index, follow, max-snippet:-1, max-image-preview:large, max-video-preview:-1\" \/>\n<link rel=\"canonical\" href=\"https:\/\/www.scpmedical.es\/politica-de-privacidad\/\" \/>\n<meta property=\"og:locale\" content=\"pt_PT\" \/>\n<meta property=\"og:type\" content=\"article\" \/>\n<meta property=\"og:title\" content=\"Pol\u00edtica de Privacidade - SCP MEDICAL\" \/>\n<meta property=\"og:description\" content=\"Art.1 Regras de confidencialidade O Regulamento Geral de Prote\u00e7\u00e3o de Dados de 27 de abril de 2016 (&#8220;RGPD&#8221;, conhecido como General Data Protection Regulation) est\u00e1 em vigor desde 25 de maio de 2018. Ele imp\u00f5e regras e condi\u00e7\u00f5es rigorosas \u00e0s empresas no \u00e2mbito do processamento de dados pessoais de seus clientes e prospectos, com o [&hellip;]\" \/>\n<meta property=\"og:url\" content=\"https:\/\/www.scpmedical.es\/politica-de-privacidad\/\" \/>\n<meta property=\"og:site_name\" content=\"SCP MEDICAL\" \/>\n<meta property=\"article:modified_time\" content=\"2023-11-29T14:46:29+00:00\" \/>\n<meta name=\"twitter:card\" content=\"summary_large_image\" \/>\n<meta name=\"twitter:label1\" content=\"Tempo estimado de leitura\" \/>\n\t<meta name=\"twitter:data1\" content=\"4 minutos\" \/>\n<script type=\"application\/ld+json\" class=\"yoast-schema-graph\">{\"@context\":\"https:\/\/schema.org\",\"@graph\":[{\"@type\":\"WebPage\",\"@id\":\"https:\/\/www.scpmedical.es\/politica-de-privacidad\/\",\"url\":\"https:\/\/www.scpmedical.es\/politica-de-privacidad\/\",\"name\":\"Pol\u00edtica de Privacidade - SCP MEDICAL\",\"isPartOf\":{\"@id\":\"https:\/\/www.scpmedical.es\/#website\"},\"datePublished\":\"2021-06-21T12:31:58+00:00\",\"dateModified\":\"2023-11-29T14:46:29+00:00\",\"breadcrumb\":{\"@id\":\"https:\/\/www.scpmedical.es\/politica-de-privacidad\/#breadcrumb\"},\"inLanguage\":\"pt-PT\",\"potentialAction\":[{\"@type\":\"ReadAction\",\"target\":[\"https:\/\/www.scpmedical.es\/politica-de-privacidad\/\"]}]},{\"@type\":\"BreadcrumbList\",\"@id\":\"https:\/\/www.scpmedical.es\/politica-de-privacidad\/#breadcrumb\",\"itemListElement\":[{\"@type\":\"ListItem\",\"position\":1,\"name\":\"Portada\",\"item\":\"https:\/\/www.scpmedical.es\/\"},{\"@type\":\"ListItem\",\"position\":2,\"name\":\"Pol\u00edtica de Privacidade\"}]},{\"@type\":\"WebSite\",\"@id\":\"https:\/\/www.scpmedical.es\/#website\",\"url\":\"https:\/\/www.scpmedical.es\/\",\"name\":\"SCP MEDICAL\",\"description\":\"SCP MEDICAL\",\"potentialAction\":[{\"@type\":\"SearchAction\",\"target\":{\"@type\":\"EntryPoint\",\"urlTemplate\":\"https:\/\/www.scpmedical.es\/?s={search_term_string}\"},\"query-input\":{\"@type\":\"PropertyValueSpecification\",\"valueRequired\":true,\"valueName\":\"search_term_string\"}}],\"inLanguage\":\"pt-PT\"}]}<\/script>\n<!-- \/ Yoast SEO plugin. -->","yoast_head_json":{"title":"Pol\u00edtica de Privacidade - SCP MEDICAL","robots":{"index":"index","follow":"follow","max-snippet":"max-snippet:-1","max-image-preview":"max-image-preview:large","max-video-preview":"max-video-preview:-1"},"canonical":"https:\/\/www.scpmedical.es\/politica-de-privacidad\/","og_locale":"pt_PT","og_type":"article","og_title":"Pol\u00edtica de Privacidade - SCP MEDICAL","og_description":"Art.1 Regras de confidencialidade O Regulamento Geral de Prote\u00e7\u00e3o de Dados de 27 de abril de 2016 (&#8220;RGPD&#8221;, conhecido como General Data Protection Regulation) est\u00e1 em vigor desde 25 de maio de 2018. Ele imp\u00f5e regras e condi\u00e7\u00f5es rigorosas \u00e0s empresas no \u00e2mbito do processamento de dados pessoais de seus clientes e prospectos, com o [&hellip;]","og_url":"https:\/\/www.scpmedical.es\/politica-de-privacidad\/","og_site_name":"SCP MEDICAL","article_modified_time":"2023-11-29T14:46:29+00:00","twitter_card":"summary_large_image","twitter_misc":{"Tempo estimado de leitura":"4 minutos"},"schema":{"@context":"https:\/\/schema.org","@graph":[{"@type":"WebPage","@id":"https:\/\/www.scpmedical.es\/politica-de-privacidad\/","url":"https:\/\/www.scpmedical.es\/politica-de-privacidad\/","name":"Pol\u00edtica de Privacidade - SCP MEDICAL","isPartOf":{"@id":"https:\/\/www.scpmedical.es\/#website"},"datePublished":"2021-06-21T12:31:58+00:00","dateModified":"2023-11-29T14:46:29+00:00","breadcrumb":{"@id":"https:\/\/www.scpmedical.es\/politica-de-privacidad\/#breadcrumb"},"inLanguage":"pt-PT","potentialAction":[{"@type":"ReadAction","target":["https:\/\/www.scpmedical.es\/politica-de-privacidad\/"]}]},{"@type":"BreadcrumbList","@id":"https:\/\/www.scpmedical.es\/politica-de-privacidad\/#breadcrumb","itemListElement":[{"@type":"ListItem","position":1,"name":"Portada","item":"https:\/\/www.scpmedical.es\/"},{"@type":"ListItem","position":2,"name":"Pol\u00edtica de Privacidade"}]},{"@type":"WebSite","@id":"https:\/\/www.scpmedical.es\/#website","url":"https:\/\/www.scpmedical.es\/","name":"SCP MEDICAL","description":"SCP MEDICAL","potentialAction":[{"@type":"SearchAction","target":{"@type":"EntryPoint","urlTemplate":"https:\/\/www.scpmedical.es\/?s={search_term_string}"},"query-input":{"@type":"PropertyValueSpecification","valueRequired":true,"valueName":"search_term_string"}}],"inLanguage":"pt-PT"}]}},"_links":{"self":[{"href":"https:\/\/www.scpmedical.es\/pt-pt\/wp-json\/wp\/v2\/pages\/1578","targetHints":{"allow":["GET"]}}],"collection":[{"href":"https:\/\/www.scpmedical.es\/pt-pt\/wp-json\/wp\/v2\/pages"}],"about":[{"href":"https:\/\/www.scpmedical.es\/pt-pt\/wp-json\/wp\/v2\/types\/page"}],"author":[{"embeddable":true,"href":"https:\/\/www.scpmedical.es\/pt-pt\/wp-json\/wp\/v2\/users\/1"}],"replies":[{"embeddable":true,"href":"https:\/\/www.scpmedical.es\/pt-pt\/wp-json\/wp\/v2\/comments?post=1578"}],"version-history":[{"count":2,"href":"https:\/\/www.scpmedical.es\/pt-pt\/wp-json\/wp\/v2\/pages\/1578\/revisions"}],"predecessor-version":[{"id":1586,"href":"https:\/\/www.scpmedical.es\/pt-pt\/wp-json\/wp\/v2\/pages\/1578\/revisions\/1586"}],"wp:attachment":[{"href":"https:\/\/www.scpmedical.es\/pt-pt\/wp-json\/wp\/v2\/media?parent=1578"}],"curies":[{"name":"wp","href":"https:\/\/api.w.org\/{rel}","templated":true}]}}